{"id":3,"date":"2023-10-30T11:14:03","date_gmt":"2023-10-30T11:14:03","guid":{"rendered":"https:\/\/hona.si\/?page_id=3"},"modified":"2024-04-11T08:17:27","modified_gmt":"2024-04-11T08:17:27","slug":"pravno-obvestilo","status":"publish","type":"page","link":"https:\/\/hona.si\/en\/pravno-obvestilo\/","title":{"rendered":"LEGAL NOTICE"},"content":{"rendered":"\t\t<div data-elementor-type=\"wp-page\" data-elementor-id=\"3\" class=\"elementor elementor-3\" data-elementor-post-type=\"page\">\n\t\t\t\t<div class=\"elementor-element elementor-element-87de638 e-flex e-con-boxed e-con e-parent\" data-id=\"87de638\" data-element_type=\"container\" data-e-type=\"container\" data-settings=\"{&quot;background_background&quot;:&quot;gradient&quot;}\">\n\t\t\t\t\t<div class=\"e-con-inner\">\n\t\t\t\t<div class=\"elementor-element elementor-element-62830ed animated-slow elementor-widget__width-inherit elementor-invisible elementor-widget elementor-widget-heading\" data-id=\"62830ed\" data-element_type=\"widget\" data-e-type=\"widget\" data-settings=\"{&quot;_animation&quot;:&quot;fadeIn&quot;,&quot;_animation_delay&quot;:300}\" data-widget_type=\"heading.default\">\n\t\t\t\t<div class=\"elementor-widget-container\">\n\t\t\t\t\t<h5 class=\"elementor-heading-title elementor-size-default\">pRAVNO OBVESTILO<\/h5>\t\t\t\t<\/div>\n\t\t\t\t<\/div>\n\t\t\t\t<div class=\"elementor-element elementor-element-0cf235d animated-slow elementor-widget-divider--view-line elementor-widget elementor-widget-divider\" data-id=\"0cf235d\" data-element_type=\"widget\" data-e-type=\"widget\" data-settings=\"{&quot;motion_fx_motion_fx_scrolling&quot;:&quot;yes&quot;,&quot;motion_fx_translateX_effect&quot;:&quot;yes&quot;,&quot;motion_fx_translateX_direction&quot;:&quot;negative&quot;,&quot;motion_fx_translateX_speed&quot;:{&quot;unit&quot;:&quot;px&quot;,&quot;size&quot;:30,&quot;sizes&quot;:[]},&quot;motion_fx_translateX_affectedRange&quot;:{&quot;unit&quot;:&quot;%&quot;,&quot;size&quot;:&quot;&quot;,&quot;sizes&quot;:{&quot;start&quot;:0,&quot;end&quot;:50}},&quot;_animation&quot;:&quot;none&quot;,&quot;_animation_delay&quot;:350,&quot;motion_fx_devices&quot;:[&quot;desktop&quot;,&quot;tablet&quot;,&quot;mobile&quot;]}\" data-widget_type=\"divider.default\">\n\t\t\t\t<div class=\"elementor-widget-container\">\n\t\t\t\t\t\t\t<div class=\"elementor-divider\">\n\t\t\t<span class=\"elementor-divider-separator\">\n\t\t\t\t\t\t<\/span>\n\t\t<\/div>\n\t\t\t\t\t\t<\/div>\n\t\t\t\t<\/div>\n\t\t\t\t<div class=\"elementor-element elementor-element-c975494 elementor-widget__width-inherit elementor-widget elementor-widget-text-editor\" data-id=\"c975494\" data-element_type=\"widget\" data-e-type=\"widget\" data-widget_type=\"text-editor.default\">\n\t\t\t\t<div class=\"elementor-widget-container\">\n\t\t\t\t\t\t\t\t\t<p style=\"font-style: inherit; font-weight: inherit;\"><strong>Kontaktni obrazec<\/strong><\/p>\n<p style=\"font-style: inherit; font-weight: inherit;\">Podatke, ki nam jih zaupate na kontaktnem obrazcu na spletni strani, potrebujemo, da vam lahko odgovorimo na va\u0161e povpra\u0161evanje. Va\u0161ih podatkov za druge namene ne obdelujemo in jih ne posredujemo tretjim osebam. Preden izberete potrditveno polje od vas potrebujemo izrecno privolitev, da se strinjate z na\u0161o politiko zasebnosti.<\/p>\n<p style=\"font-style: inherit; font-weight: inherit;\">Soglasje za obdelavo osebnih podatkov podate s tem, ko na spletni strani na spletnem obrazcu kliknete potrditveno polje. Svoje soglasje lahko kadarkoli umaknete, in sicer tako, da zahtevek po\u0161ljete po elektronski po\u0161ti upravljalcu. V primeru umika soglasja ne bomo ve\u010d uporabljali va\u0161ih osebnih podatkov za obve\u0161\u010danje o vsebinah. Morebiten umik soglasja ne vpliva na zakonitost obdelave va\u0161ih osebnih podatkov v \u010dasu, preden je bil umik podan.<\/p>\n<p style=\"font-style: inherit; font-weight: inherit;\"><strong>Uporaba pi\u0161kotkov in sledilne tehnologije<\/strong><\/p>\n<p style=\"font-style: inherit; font-weight: inherit;\">Na\u0161e spletno mesto uporablja pi\u0161kotke, ki uporabniku omogo\u010dajo prikaz in uporabo na\u0161ih spletnih strani, prilagojeno njegovim \u017eeljam. Pi\u0161kotek je majhna besedilna datoteka, ki jo spletni stre\u017enik shrani na disku va\u0161ega ra\u010dunalnika. Glavni namen pi\u0161kotka je, da v ra\u010dunalnik shrani tvoje nastavitve in druge podatke, tako da ti jih ob naslednjem obisku na\u0161ih spletnih strani ni potrebno ve\u010d vna\u0161ati. Uporaba pi\u0161kotov je ustaljen postopek na ve\u010dini spletnih mest. Standardne nastavitve brskalnika omogo\u010dajo uporabo pi\u0161kotov. V kolikor se z njihovo uporabo ne strinjate, lahko spremenite nastavitve brskalnika tako, da bo sprejemanje pi\u0161kotov onemogo\u010deno, vendar to lahko omeji zmo\u017enost tvoje komunikacije z na\u0161im spletnim mestom. Tudi \u010de pi\u0161kotke sprejme\u0161, jih lahko pozneje \u0161e vedno izbri\u0161e\u0161 z orodji tvojega brskalnika. Pi\u0161kotke uporabljamo izklju\u010dno z namenom bolj\u0161e izku\u0161nje posameznega uporabnika.<br \/>Na\u0161e spletno mesto zbira tudi podatke o va\u0161i uporabi na\u0161ega spletnega mesta in spletnih storitev. Z\u2009na\u0161im orodjem za analizo spletnega mesta lahko na primer iz tvojega brskalnika pridobimo informacije o tem, s katerega spletnega mesta ste pri\u0161li, s katerim iskalnikom in klju\u010dnimi besedami ste nas poiskali, katere strani ste si ogledali na na\u0161em spletnem mestu ter katere dodatke, kak\u0161no \u0161irino in vi\u0161ino uporablja va\u0161 brskalnik. Poleg tega zbiramo obi\u010dajne informacije, ki jih brskalnik po\u0161lje vsakemu obiskanemu spletnemu mestu, na primer naslov IP, vrsto in jezik brskalnika, \u010das dostopa in naslove spletnih mest. Vsi ti podatki se zbirajo izklju\u010dno za potrebe vodenja statistike obiskanosti na\u0161ega spletnega mesta.<\/p>\n<p style=\"font-style: inherit; font-weight: inherit;\"><strong>Vrste pi\u0161kotkov, ki jih uporabljamo na tej spletni strani<\/strong><\/p>\n<ol>\n<li style=\"font-style: inherit; font-weight: inherit;\">Nujno potrebni pi\u0161kotki<br \/>Tovrstni pi\u0161kotki omogo\u010dajo uporabo nujno potrebnih komponent za pravilno delovanje spletne strani. Brez teh pi\u0161kotov servisi, ki jih \u017eelite uporabljati na tej spletni strani, ne bi delovali pravilno (npr. prijava, varnosti\u2026).<\/li>\n<li style=\"font-style: inherit; font-weight: inherit;\">Izkustveni pi\u0161kotki<br \/>Tovrstni pi\u0161kotki zbirajo podatke, kako se uporabniki vedejo na spletni strani z namenom izbolj\u0161anja izkustvene komponente spletne strani (npr. katere dele spletne strani obiskujejo najpogosteje\u2026). Ti pi\u0161kotki ne zbirajo informacij, preko katerih bi lahko identificirali uporabnika.<\/li>\n<li style=\"font-style: inherit; font-weight: inherit;\">Funkcionalni pi\u0161kotki<br \/>Tovrstni pi\u0161kotki omogo\u010dajo spletni strani, da si zapomni nekatere va\u0161e nastavitve in izbire (uporabni\u0161ko ime, jezik, regijo\u2026) in zagotavlja napredne, personalizirane funkcije. Tovrstni pi\u0161kotki lahko omogo\u010dajo sledenje va\u0161im akcijam na spletni strani.<\/li>\n<li style=\"font-style: inherit; font-weight: inherit;\">Oglasni ali ciljani pi\u0161kotki<br \/>Tovrstne pi\u0161kotke najpogosteje uporabljajo ogla\u0161evalska in dru\u017eabna omre\u017eja (tretje strani) z namenom, da vam prika\u017eejo bolj ciljane oglase, omejujejo ponavljanje oglasov ali merijo u\u010dinkovitost ogla\u0161evalskih akcij. Tovrstni pi\u0161kotki lahko omogo\u010dajo sledenje va\u0161im akcijam na spletu.<\/li>\n<\/ol>\n<p style=\"font-style: inherit; font-weight: inherit;\"><strong>Prednosti pi\u0161kotkov<\/strong><\/p>\n<p style=\"font-style: inherit; font-weight: inherit;\">Ob uporabi iste naprave in brskalnika so pi\u0161koti nadvse uporabni, saj si lahko na primer zapomnijo va\u0161e nastavitve, pomagajo nam spremljati, kako uporabljate na\u0161e strani in naredijo prikazano vsebino bolj ustrezno va\u0161im interesom in potrebam. Nobeni pi\u0161kotki, ki jih uporabljamo na svojih spletnih mestih, ne zbirajo podatkov, s katerimi bi vas bilo mogo\u010de osebno prepoznati. Spodaj najdete preglednico, v kateri so navedeni glavni pi\u0161kotki, ki se uporabljajo na na\u0161ih spletnih mestih, s pojasnilom, \u010demu so namenjeni.<br \/>VIR PI\u0160KOTKA IME VRSTA NAMEN<br \/>Google Analytics _utma Izkustveni pi\u0161kotek Pomagajo nam izbolj\u0161ati vsebine na na\u0161ih straneh<\/p>\n<p style=\"font-style: inherit; font-weight: inherit;\">Postopek za upravljanje in brisanje pi\u0161kotkov se razlikuje glede na brskalnik, ki ga uporabljate. \u010ce \u017eelite izvedeti, kako to storite z dolo\u010denim brskalnikom, lahko uporabite funkcijo pomo\u010di v brskalniku ali pa obi\u0161\u010dete\u00a0<a href=\"http:\/\/www.aboutcookies.org\/\">http:\/\/www.aboutcookies.org<\/a>, ki korak za korakom pojasni, kako upravljati ali izbrisati pi\u0161kotke v ve\u010dini brskalnikov<\/p>\n<p>\u00a0<\/p>\n<p><br \/><br \/><\/p>\t\t\t\t\t\t\t\t<\/div>\n\t\t\t\t<\/div>\n\t\t\t\t\t<\/div>\n\t\t\t\t<\/div>\n\t\t\t\t<\/div>\n\t\t","protected":false},"excerpt":{"rendered":"<p>pRAVNO OBVESTILO Kontaktni obrazec Podatke, ki nam jih zaupate na kontaktnem obrazcu na spletni strani, potrebujemo, da vam lahko odgovorimo na va\u0161e povpra\u0161evanje. Va\u0161ih podatkov za druge namene ne obdelujemo in jih ne posredujemo tretjim osebam. Preden izberete potrditveno polje od vas potrebujemo izrecno privolitev, da se strinjate z na\u0161o politiko zasebnosti. Soglasje za obdelavo [&hellip;]<\/p>\n","protected":false},"author":1,"featured_media":0,"parent":0,"menu_order":0,"comment_status":"closed","ping_status":"closed","template":"","meta":{"footnotes":""},"class_list":["post-3","page","type-page","status-publish","hentry"],"_links":{"self":[{"href":"https:\/\/hona.si\/en\/wp-json\/wp\/v2\/pages\/3","targetHints":{"allow":["GET"]}}],"collection":[{"href":"https:\/\/hona.si\/en\/wp-json\/wp\/v2\/pages"}],"about":[{"href":"https:\/\/hona.si\/en\/wp-json\/wp\/v2\/types\/page"}],"author":[{"embeddable":true,"href":"https:\/\/hona.si\/en\/wp-json\/wp\/v2\/users\/1"}],"replies":[{"embeddable":true,"href":"https:\/\/hona.si\/en\/wp-json\/wp\/v2\/comments?post=3"}],"version-history":[{"count":4,"href":"https:\/\/hona.si\/en\/wp-json\/wp\/v2\/pages\/3\/revisions"}],"predecessor-version":[{"id":2894,"href":"https:\/\/hona.si\/en\/wp-json\/wp\/v2\/pages\/3\/revisions\/2894"}],"wp:attachment":[{"href":"https:\/\/hona.si\/en\/wp-json\/wp\/v2\/media?parent=3"}],"curies":[{"name":"wp","href":"https:\/\/api.w.org\/{rel}","templated":true}]}}