{"id":2876,"date":"2024-04-11T08:03:17","date_gmt":"2024-04-11T08:03:17","guid":{"rendered":"https:\/\/hona.si\/?page_id=2876"},"modified":"2024-04-11T08:17:24","modified_gmt":"2024-04-11T08:17:24","slug":"piskotki","status":"publish","type":"page","link":"https:\/\/hona.si\/en\/piskotki\/","title":{"rendered":"COOKIES"},"content":{"rendered":"\t\t<div data-elementor-type=\"wp-page\" data-elementor-id=\"2876\" class=\"elementor elementor-2876\" data-elementor-post-type=\"page\">\n\t\t\t\t<div class=\"elementor-element elementor-element-e5c52c0 e-flex e-con-boxed e-con e-parent\" data-id=\"e5c52c0\" data-element_type=\"container\" data-e-type=\"container\" data-settings=\"{&quot;background_background&quot;:&quot;gradient&quot;}\">\n\t\t\t\t\t<div class=\"e-con-inner\">\n\t\t\t\t<div class=\"elementor-element elementor-element-ce77c3b animated-slow elementor-widget__width-inherit elementor-invisible elementor-widget elementor-widget-heading\" data-id=\"ce77c3b\" data-element_type=\"widget\" data-e-type=\"widget\" data-settings=\"{&quot;_animation&quot;:&quot;fadeIn&quot;,&quot;_animation_delay&quot;:300}\" data-widget_type=\"heading.default\">\n\t\t\t\t<div class=\"elementor-widget-container\">\n\t\t\t\t\t<h5 class=\"elementor-heading-title elementor-size-default\">Pi\u0161kotki<\/h5>\t\t\t\t<\/div>\n\t\t\t\t<\/div>\n\t\t\t\t<div class=\"elementor-element elementor-element-cf9fffc animated-slow elementor-widget-divider--view-line elementor-widget elementor-widget-divider\" data-id=\"cf9fffc\" data-element_type=\"widget\" data-e-type=\"widget\" data-settings=\"{&quot;motion_fx_motion_fx_scrolling&quot;:&quot;yes&quot;,&quot;motion_fx_translateX_effect&quot;:&quot;yes&quot;,&quot;motion_fx_translateX_direction&quot;:&quot;negative&quot;,&quot;motion_fx_translateX_speed&quot;:{&quot;unit&quot;:&quot;px&quot;,&quot;size&quot;:30,&quot;sizes&quot;:[]},&quot;motion_fx_translateX_affectedRange&quot;:{&quot;unit&quot;:&quot;%&quot;,&quot;size&quot;:&quot;&quot;,&quot;sizes&quot;:{&quot;start&quot;:0,&quot;end&quot;:50}},&quot;_animation&quot;:&quot;none&quot;,&quot;_animation_delay&quot;:350,&quot;motion_fx_devices&quot;:[&quot;desktop&quot;,&quot;tablet&quot;,&quot;mobile&quot;]}\" data-widget_type=\"divider.default\">\n\t\t\t\t<div class=\"elementor-widget-container\">\n\t\t\t\t\t\t\t<div class=\"elementor-divider\">\n\t\t\t<span class=\"elementor-divider-separator\">\n\t\t\t\t\t\t<\/span>\n\t\t<\/div>\n\t\t\t\t\t\t<\/div>\n\t\t\t\t<\/div>\n\t\t\t\t<div class=\"elementor-element elementor-element-78558c9 elementor-widget__width-inherit elementor-widget elementor-widget-text-editor\" data-id=\"78558c9\" data-element_type=\"widget\" data-e-type=\"widget\" data-widget_type=\"text-editor.default\">\n\t\t\t\t<div class=\"elementor-widget-container\">\n\t\t\t\t\t\t\t\t\t<strong>Kaj so pi\u0161kotki?<\/strong>\n\nPi\u0161kotek je mala tekstovna datoteka, ki jo spletna stran, ki si jo ogledujete, prenese na va\u0161 ra\u010dunalnik ali drugo napravo, s katero brskate po spletu (telefon, tablico). Za uporabnike so zelo koristni, saj vsebujejo informacije, ki pripomorejo k bolj\u0161emu delovanju spletne strani. Pi\u0161kotki ne zbirajo va\u0161ih osebnih informacij in ne omogo\u010dajo nikakr\u0161ne identifikacije uporabnika spletne strani.\n\n<strong>Kako delujejo pi\u0161kotki?<\/strong>\n\nOb prvem obisku spletne strani se pi\u0161kotki nalo\u017eijo na va\u0161 ra\u010dunalnik. Z njimi je uporaba spletne strani prijetnej\u0161a, bolj u\u010dinkovita in prilagojena posameznemu uporabniku. S pi\u0161kotki se shranjujejo informacije o jezikovnih in lokacijskih nastavitvah, o vsebini va\u0161e nakupovalne ko\u0161arice, prikazujejo se vam oglasi, prilagojeni va\u0161im interesom \u2026 Upravljavci spletnih strani pa z njimi pridobivajo podatke o \u0161tevilu obiskovalcev svoje spletne strani, najbolj branih vsebinah, najve\u010dkrat uporabljenih funkcionalnostih \u2026 in na podlagi tega lahko izbolj\u0161ajo in naredijo do uporabnika prijaznej\u0161o spletno stran.\n\n<strong>Vrste pi\u0161kotkov<\/strong>\n\nZa\u010dasni ali sejni pi\u0161kotki (session cookies) se ne shranjujejo, ampak se izbri\u0161ejo vsaki\u010d, ko zaprete brskalnik.\n\nTrajni ali shranjeni pi\u0161kotki (persistent cookies) ostanejo shranjeni, tudi ko brskalnik zaprete. Uporabljajo se za shranjevanje informacij o registraciji, nastavitvah jezika strani, za analiziranje prometa \u2026 V ra\u010dunalniku lahko ostanejo ve\u010d dni, mesecev ali celo let.\nLastni pi\u0161kotki (1st party cookies) so s spletnega mesta, ki si ga ogleduje uporabnik, in so lahko trajni ali za\u010dasni. Spletno mesto te pi\u0161kotke uporablja za shranjevanje informacij in jih bo znova uporabilo, ko bo uporabnik naslednji\u010d obiskal spletno mesto.\n\nDrugi pi\u0161kotki (3rd party cookies) izvirajo z drugih, partnerskih spletnih mest (ta na primer prikazujejo oglase na izvirni spletni strani ali merijo promet). Tretje strani z njimi lahko zbirajo podatke o uporabnikih z razli\u010dnih spletnih mest in jih uporabljajo za razli\u010dne namene, npr. za ogla\u0161evanje, analize, izbolj\u0161evanje svojih produktov.\n<table width=\"904\">\n<tbody>\n<tr>\n<td colspan=\"4\" width=\"904\"><strong>Katere pi\u0161kotke uporabljamo na www.uradni-list.si?<\/strong><\/td>\n<\/tr>\n<tr>\n<td width=\"124\"><strong>Vir pi\u0161kotka<\/strong><\/td>\n<td width=\"172\"><strong>Ime pi\u0161kotka<\/strong><\/td>\n<td width=\"142\"><strong>Kje se nahaja<\/strong><\/td>\n<td width=\"466\"><strong>\u010cemu je namenjen<\/strong><\/td>\n<\/tr>\n\n\n<tr>\n<td width=\"124\"><\/td>\n<td width=\"172\">AllowCookies<\/td>\n<td width=\"142\">Vse strani<\/td>\n<td width=\"466\">Nastavitvam za pi\u0161kotke<\/td>\n<\/tr>\n\n\n<tr>\n<td width=\"124\">Google<\/td>\n<td width=\"172\">_ga, _gat, _utma, _utmb, _utmc, _utmz<\/td>\n<td width=\"142\">Vse strani<\/td>\n<td width=\"466\">Spremljanju in analizi obiskov strani (Google Analytics).<\/td>\n<\/tr>\n<tr>\n<td width=\"124\">Google<\/td>\n<td width=\"172\">NID<\/td>\n<td width=\"142\">Vse strani<\/td>\n<td width=\"466\">Shranjevanju va\u0161ih nastavitev in drugih informacij, kot je npr. va\u0161 \u017eeleni jezik, koliko rezultatov iskanja \u017eelite prikazati na stran&#8230;<\/td>\n<\/tr>\n<\/tbody>\n<\/table>\n<strong>Va\u0161e nastavitve pi\u0161kotkov\u00a0<\/strong>\n\n<strong>Izklju\u010ditev pi\u0161kotkov v spletnem brskalniku<\/strong>\n<table width=\"904\">\n<tbody>\n<tr>\n<td width=\"158\">Internet Explorer<\/td>\n<td width=\"746\"><a href=\"http:\/\/windows.microsoft.com\/sl-si\/windows-vista\/cookies-frequently-asked-questions\">http:\/\/windows.microsoft.com\/sl-si\/windows-vista\/cookies-frequently-asked-questions<\/a><\/td>\n<\/tr>\n<tr>\n<td width=\"158\">Google Chrome<\/td>\n<td width=\"746\"><a href=\"https:\/\/support.google.com\/chrome\/answer\/95647?hl=sl\">https:\/\/support.google.com\/chrome\/answer\/95647?hl=sl<\/a><\/td>\n<\/tr>\n<tr>\n<td width=\"158\">Mozzila Firefox<\/td>\n<td width=\"746\"><a href=\"http:\/\/support.mozilla.org\/sl\/kb\/cookies-information-websites-store-on-your-computer\">http:\/\/support.mozilla.org\/sl\/kb\/cookies-information-websites-store-on-your-computer<\/a><\/td>\n<\/tr>\n<tr>\n<td width=\"158\">Safari<\/td>\n<td width=\"746\"><a href=\"http:\/\/www.apple.com\/support\/safari\/\">http:\/\/www.apple.com\/support\/safari\/<\/a><\/td>\n<\/tr>\n<tr>\n<td width=\"158\">Opera<\/td>\n<td width=\"746\"><a href=\"http:\/\/www.opera.com\/browser\/tutorials\/security\/privacy\/\">http:\/\/www.opera.com\/browser\/tutorials\/security\/privacy\/<\/a><\/td>\n<\/tr>\n<\/tbody>\n<\/table>\n<strong>Izklju\u010ditev pi\u0161kotkov od drugod<\/strong>\n<table width=\"904\">\n<tbody>\n<tr>\n<td width=\"156\">Adobe Flash Player<\/td>\n<td width=\"748\">http:\/\/helpx.adobe.com\/flash-player\/kb\/disable-local-shared-objects-flash.html<\/td>\n<\/tr>\n<tr>\n<td width=\"156\">Google Analytics<\/td>\n<td width=\"748\">https:\/\/tools.google.com\/dlpage\/gaoptout<\/td>\n<\/tr>\n<\/tbody>\n<\/table>\t\t\t\t\t\t\t\t<\/div>\n\t\t\t\t<\/div>\n\t\t\t\t\t<\/div>\n\t\t\t\t<\/div>\n\t\t\t\t<\/div>\n\t\t","protected":false},"excerpt":{"rendered":"<p>Pi\u0161kotki Kaj so pi\u0161kotki? Pi\u0161kotek je mala tekstovna datoteka, ki jo spletna stran, ki si jo ogledujete, prenese na va\u0161 ra\u010dunalnik ali drugo napravo, s katero brskate po spletu (telefon, tablico). Za uporabnike so zelo koristni, saj vsebujejo informacije, ki pripomorejo k bolj\u0161emu delovanju spletne strani. Pi\u0161kotki ne zbirajo va\u0161ih osebnih informacij in ne omogo\u010dajo [&hellip;]<\/p>\n","protected":false},"author":1,"featured_media":0,"parent":0,"menu_order":0,"comment_status":"closed","ping_status":"closed","template":"","meta":{"footnotes":""},"class_list":["post-2876","page","type-page","status-publish","hentry"],"_links":{"self":[{"href":"https:\/\/hona.si\/en\/wp-json\/wp\/v2\/pages\/2876","targetHints":{"allow":["GET"]}}],"collection":[{"href":"https:\/\/hona.si\/en\/wp-json\/wp\/v2\/pages"}],"about":[{"href":"https:\/\/hona.si\/en\/wp-json\/wp\/v2\/types\/page"}],"author":[{"embeddable":true,"href":"https:\/\/hona.si\/en\/wp-json\/wp\/v2\/users\/1"}],"replies":[{"embeddable":true,"href":"https:\/\/hona.si\/en\/wp-json\/wp\/v2\/comments?post=2876"}],"version-history":[{"count":10,"href":"https:\/\/hona.si\/en\/wp-json\/wp\/v2\/pages\/2876\/revisions"}],"predecessor-version":[{"id":2891,"href":"https:\/\/hona.si\/en\/wp-json\/wp\/v2\/pages\/2876\/revisions\/2891"}],"wp:attachment":[{"href":"https:\/\/hona.si\/en\/wp-json\/wp\/v2\/media?parent=2876"}],"curies":[{"name":"wp","href":"https:\/\/api.w.org\/{rel}","templated":true}]}}